{"id":448,"date":"2026-01-14T15:32:57","date_gmt":"2026-01-14T14:32:57","guid":{"rendered":"https:\/\/sites.alba.es\/page-datterrissage\/"},"modified":"2026-04-07T13:54:40","modified_gmt":"2026-04-07T11:54:40","slug":"page-datterrissage","status":"publish","type":"page","link":"https:\/\/sites.alba.es\/fr\/","title":{"rendered":"Page d&rsquo;atterrissage"},"content":{"rendered":"","protected":false},"excerpt":{"rendered":"","protected":false},"author":1,"featured_media":0,"parent":0,"menu_order":0,"comment_status":"closed","ping_status":"closed","template":"page-landing.php","meta":{"_acf_changed":false,"footnotes":""},"class_list":["post-448","page","type-page","status-publish","hentry"],"acf":[],"yoast_head":"<!-- This site is optimized with the Yoast SEO plugin v27.3 - https:\/\/yoast.com\/product\/yoast-seo-wordpress\/ -->\n<title>Solutions d\u2019\u00e9l\u00e9vation s\u00fbres et innovantes pour les chantiers | ALBA<\/title>\n<meta name=\"description\" content=\"Plus de 30 ans \u00e0 \u00e9lever des personnes, des mat\u00e9riaux\u2026 et la confiance de milliers de professionnels \u00e0 travers le monde. Demandez votre devis.\" \/>\n<meta name=\"robots\" content=\"index, follow, max-snippet:-1, max-image-preview:large, max-video-preview:-1\" \/>\n<link rel=\"canonical\" href=\"https:\/\/sites.alba.es\/fr\/\" \/>\n<meta property=\"og:locale\" content=\"fr_FR\" \/>\n<meta property=\"og:type\" content=\"article\" \/>\n<meta property=\"og:title\" content=\"Solutions d\u2019\u00e9l\u00e9vation s\u00fbres et innovantes pour les chantiers | ALBA\" \/>\n<meta property=\"og:description\" content=\"Plus de 30 ans \u00e0 \u00e9lever des personnes, des mat\u00e9riaux\u2026 et la confiance de milliers de professionnels \u00e0 travers le monde. Demandez votre devis.\" \/>\n<meta property=\"og:url\" content=\"https:\/\/sites.alba.es\/fr\/\" \/>\n<meta property=\"og:site_name\" content=\"Alba\" \/>\n<meta property=\"article:modified_time\" content=\"2026-04-07T11:54:40+00:00\" \/>\n<meta name=\"twitter:card\" content=\"summary_large_image\" \/>\n<script type=\"application\/ld+json\" class=\"yoast-schema-graph\">{\"@context\":\"https:\\\/\\\/schema.org\",\"@graph\":[{\"@type\":\"WebPage\",\"@id\":\"https:\\\/\\\/sites.alba.es\\\/fr\\\/\",\"url\":\"https:\\\/\\\/sites.alba.es\\\/fr\\\/\",\"name\":\"Solutions d\u2019\u00e9l\u00e9vation s\u00fbres et innovantes pour les chantiers | ALBA\",\"isPartOf\":{\"@id\":\"https:\\\/\\\/sites.alba.es\\\/fr\\\/#website\"},\"datePublished\":\"2026-01-14T14:32:57+00:00\",\"dateModified\":\"2026-04-07T11:54:40+00:00\",\"description\":\"Plus de 30 ans \u00e0 \u00e9lever des personnes, des mat\u00e9riaux\u2026 et la confiance de milliers de professionnels \u00e0 travers le monde. Demandez votre devis.\",\"breadcrumb\":{\"@id\":\"https:\\\/\\\/sites.alba.es\\\/fr\\\/#breadcrumb\"},\"inLanguage\":\"fr-FR\",\"potentialAction\":[{\"@type\":\"ReadAction\",\"target\":[\"https:\\\/\\\/sites.alba.es\\\/fr\\\/\"]}]},{\"@type\":\"BreadcrumbList\",\"@id\":\"https:\\\/\\\/sites.alba.es\\\/fr\\\/#breadcrumb\",\"itemListElement\":[{\"@type\":\"ListItem\",\"position\":1,\"name\":\"Portada\",\"item\":\"https:\\\/\\\/sites.alba.es\\\/fr\\\/\"},{\"@type\":\"ListItem\",\"position\":2,\"name\":\"Page d&#8217;atterrissage\"}]},{\"@type\":\"WebSite\",\"@id\":\"https:\\\/\\\/sites.alba.es\\\/fr\\\/#website\",\"url\":\"https:\\\/\\\/sites.alba.es\\\/fr\\\/\",\"name\":\"Alba\",\"description\":\"\",\"potentialAction\":[{\"@type\":\"SearchAction\",\"target\":{\"@type\":\"EntryPoint\",\"urlTemplate\":\"https:\\\/\\\/sites.alba.es\\\/fr\\\/?s={search_term_string}\"},\"query-input\":{\"@type\":\"PropertyValueSpecification\",\"valueRequired\":true,\"valueName\":\"search_term_string\"}}],\"inLanguage\":\"fr-FR\"}]}<\/script>\n<!-- \/ Yoast SEO plugin. -->","yoast_head_json":{"title":"Solutions d\u2019\u00e9l\u00e9vation s\u00fbres et innovantes pour les chantiers | ALBA","description":"Plus de 30 ans \u00e0 \u00e9lever des personnes, des mat\u00e9riaux\u2026 et la confiance de milliers de professionnels \u00e0 travers le monde. Demandez votre devis.","robots":{"index":"index","follow":"follow","max-snippet":"max-snippet:-1","max-image-preview":"max-image-preview:large","max-video-preview":"max-video-preview:-1"},"canonical":"https:\/\/sites.alba.es\/fr\/","og_locale":"fr_FR","og_type":"article","og_title":"Solutions d\u2019\u00e9l\u00e9vation s\u00fbres et innovantes pour les chantiers | ALBA","og_description":"Plus de 30 ans \u00e0 \u00e9lever des personnes, des mat\u00e9riaux\u2026 et la confiance de milliers de professionnels \u00e0 travers le monde. Demandez votre devis.","og_url":"https:\/\/sites.alba.es\/fr\/","og_site_name":"Alba","article_modified_time":"2026-04-07T11:54:40+00:00","twitter_card":"summary_large_image","schema":{"@context":"https:\/\/schema.org","@graph":[{"@type":"WebPage","@id":"https:\/\/sites.alba.es\/fr\/","url":"https:\/\/sites.alba.es\/fr\/","name":"Solutions d\u2019\u00e9l\u00e9vation s\u00fbres et innovantes pour les chantiers | ALBA","isPartOf":{"@id":"https:\/\/sites.alba.es\/fr\/#website"},"datePublished":"2026-01-14T14:32:57+00:00","dateModified":"2026-04-07T11:54:40+00:00","description":"Plus de 30 ans \u00e0 \u00e9lever des personnes, des mat\u00e9riaux\u2026 et la confiance de milliers de professionnels \u00e0 travers le monde. Demandez votre devis.","breadcrumb":{"@id":"https:\/\/sites.alba.es\/fr\/#breadcrumb"},"inLanguage":"fr-FR","potentialAction":[{"@type":"ReadAction","target":["https:\/\/sites.alba.es\/fr\/"]}]},{"@type":"BreadcrumbList","@id":"https:\/\/sites.alba.es\/fr\/#breadcrumb","itemListElement":[{"@type":"ListItem","position":1,"name":"Portada","item":"https:\/\/sites.alba.es\/fr\/"},{"@type":"ListItem","position":2,"name":"Page d&#8217;atterrissage"}]},{"@type":"WebSite","@id":"https:\/\/sites.alba.es\/fr\/#website","url":"https:\/\/sites.alba.es\/fr\/","name":"Alba","description":"","potentialAction":[{"@type":"SearchAction","target":{"@type":"EntryPoint","urlTemplate":"https:\/\/sites.alba.es\/fr\/?s={search_term_string}"},"query-input":{"@type":"PropertyValueSpecification","valueRequired":true,"valueName":"search_term_string"}}],"inLanguage":"fr-FR"}]}},"_links":{"self":[{"href":"https:\/\/sites.alba.es\/fr\/wp-json\/wp\/v2\/pages\/448","targetHints":{"allow":["GET"]}}],"collection":[{"href":"https:\/\/sites.alba.es\/fr\/wp-json\/wp\/v2\/pages"}],"about":[{"href":"https:\/\/sites.alba.es\/fr\/wp-json\/wp\/v2\/types\/page"}],"author":[{"embeddable":true,"href":"https:\/\/sites.alba.es\/fr\/wp-json\/wp\/v2\/users\/1"}],"replies":[{"embeddable":true,"href":"https:\/\/sites.alba.es\/fr\/wp-json\/wp\/v2\/comments?post=448"}],"version-history":[{"count":21,"href":"https:\/\/sites.alba.es\/fr\/wp-json\/wp\/v2\/pages\/448\/revisions"}],"predecessor-version":[{"id":813,"href":"https:\/\/sites.alba.es\/fr\/wp-json\/wp\/v2\/pages\/448\/revisions\/813"}],"wp:attachment":[{"href":"https:\/\/sites.alba.es\/fr\/wp-json\/wp\/v2\/media?parent=448"}],"curies":[{"name":"wp","href":"https:\/\/api.w.org\/{rel}","templated":true}]}}